{"id":2575,"date":"2026-03-25T15:26:42","date_gmt":"2026-03-25T18:26:42","guid":{"rendered":"https:\/\/kind-indigo-pigeon.201-217-242-146.cpanel.site\/?page_id=2575"},"modified":"2026-03-31T22:04:46","modified_gmt":"2026-04-01T01:04:46","slug":"retroexcavadoras","status":"publish","type":"page","link":"https:\/\/kind-indigo-pigeon.201-217-242-146.cpanel.site\/?page_id=2575","title":{"rendered":"Retroexcavadoras"},"content":{"rendered":"\t\t<div data-elementor-type=\"wp-page\" data-elementor-id=\"2575\" class=\"elementor elementor-2575\" data-elementor-post-type=\"page\">\n\t\t\t\t<div class=\"elementor-element elementor-element-e5828cf e-flex e-con-boxed e-con e-parent\" data-id=\"e5828cf\" data-element_type=\"container\" data-e-type=\"container\" data-settings=\"{&quot;background_background&quot;:&quot;classic&quot;}\">\n\t\t\t\t\t<div class=\"e-con-inner\">\n\t\t\t\t<div class=\"elementor-element elementor-element-5dd9a99 elementor-widget elementor-widget-heading\" data-id=\"5dd9a99\" data-element_type=\"widget\" data-e-type=\"widget\" data-widget_type=\"heading.default\">\n\t\t\t\t\t<h2 class=\"elementor-heading-title elementor-size-default\">Retroexcavadoras<\/h2>\t\t\t\t<\/div>\n\t\t\t\t<div class=\"elementor-element elementor-element-668c381 elementor-widget elementor-widget-text-editor\" data-id=\"668c381\" data-element_type=\"widget\" data-e-type=\"widget\" data-widget_type=\"text-editor.default\">\n\t\t\t\t\t\t\t\t\t<p><a href=\"#\">Inicio<\/a>\u00a0&#8211; <a href=\"#\">Servicios<\/a> &#8211; Retroexcavadoras<\/p>\t\t\t\t\t\t\t\t<\/div>\n\t\t\t\t\t<\/div>\n\t\t\t\t<\/div>\n\t\t<div class=\"elementor-element elementor-element-281fb6f e-flex e-con-boxed e-con e-parent\" data-id=\"281fb6f\" data-element_type=\"container\" data-e-type=\"container\" data-settings=\"{&quot;background_background&quot;:&quot;classic&quot;}\">\n\t\t\t\t\t<div class=\"e-con-inner\">\n\t\t<div class=\"elementor-element elementor-element-590bca8 e-con-full e-flex e-con e-child\" data-id=\"590bca8\" data-element_type=\"container\" data-e-type=\"container\">\n\t\t<div class=\"elementor-element elementor-element-8f46b6b e-con-full e-flex e-con e-child\" data-id=\"8f46b6b\" data-element_type=\"container\" data-e-type=\"container\">\n\t\t\t\t<div class=\"elementor-element elementor-element-9e5b3ba elementor-widget elementor-widget-heading\" data-id=\"9e5b3ba\" data-element_type=\"widget\" data-e-type=\"widget\" data-widget_type=\"heading.default\">\n\t\t\t\t\t<h4 class=\"elementor-heading-title elementor-size-default\">Otra maquinas<\/h4>\t\t\t\t<\/div>\n\t\t\t\t<div class=\"elementor-element elementor-element-6a6ca3c elementor-icon-list--layout-traditional elementor-list-item-link-full_width elementor-widget elementor-widget-icon-list\" data-id=\"6a6ca3c\" data-element_type=\"widget\" data-e-type=\"widget\" data-widget_type=\"icon-list.default\">\n\t\t\t\t\t\t\t<ul class=\"elementor-icon-list-items\">\n\t\t\t\t\t\t\t<li class=\"elementor-icon-list-item\">\n\t\t\t\t\t\t\t\t\t\t\t<a href=\"#\">\n\n\t\t\t\t\t\t\t\t\t\t\t\t<span class=\"elementor-icon-list-icon\">\n\t\t\t\t\t\t\t<i aria-hidden=\"true\" class=\"icon icon-right-arrow1\"><\/i>\t\t\t\t\t\t<\/span>\n\t\t\t\t\t\t\t\t\t\t<span class=\"elementor-icon-list-text\">Industrial Refining<\/span>\n\t\t\t\t\t\t\t\t\t\t\t<\/a>\n\t\t\t\t\t\t\t\t\t<\/li>\n\t\t\t\t\t\t\t\t<li class=\"elementor-icon-list-item\">\n\t\t\t\t\t\t\t\t\t\t\t<a href=\"#\">\n\n\t\t\t\t\t\t\t\t\t\t\t\t<span class=\"elementor-icon-list-icon\">\n\t\t\t\t\t\t\t<i aria-hidden=\"true\" class=\"icon icon-right-arrow1\"><\/i>\t\t\t\t\t\t<\/span>\n\t\t\t\t\t\t\t\t\t\t<span class=\"elementor-icon-list-text\">Ore Processing<\/span>\n\t\t\t\t\t\t\t\t\t\t\t<\/a>\n\t\t\t\t\t\t\t\t\t<\/li>\n\t\t\t\t\t\t\t\t<li class=\"elementor-icon-list-item\">\n\t\t\t\t\t\t\t\t\t\t\t<a href=\"#\">\n\n\t\t\t\t\t\t\t\t\t\t\t\t<span class=\"elementor-icon-list-icon\">\n\t\t\t\t\t\t\t<i aria-hidden=\"true\" class=\"icon icon-right-arrow1\"><\/i>\t\t\t\t\t\t<\/span>\n\t\t\t\t\t\t\t\t\t\t<span class=\"elementor-icon-list-text\">Mining Logistic<\/span>\n\t\t\t\t\t\t\t\t\t\t\t<\/a>\n\t\t\t\t\t\t\t\t\t<\/li>\n\t\t\t\t\t\t\t\t<li class=\"elementor-icon-list-item\">\n\t\t\t\t\t\t\t\t\t\t\t<a href=\"#\">\n\n\t\t\t\t\t\t\t\t\t\t\t\t<span class=\"elementor-icon-list-icon\">\n\t\t\t\t\t\t\t<i aria-hidden=\"true\" class=\"icon icon-right-arrow1\"><\/i>\t\t\t\t\t\t<\/span>\n\t\t\t\t\t\t\t\t\t\t<span class=\"elementor-icon-list-text\">Sustainability Solutions<\/span>\n\t\t\t\t\t\t\t\t\t\t\t<\/a>\n\t\t\t\t\t\t\t\t\t<\/li>\n\t\t\t\t\t\t\t\t<li class=\"elementor-icon-list-item\">\n\t\t\t\t\t\t\t\t\t\t\t<a href=\"#\">\n\n\t\t\t\t\t\t\t\t\t\t\t\t<span class=\"elementor-icon-list-icon\">\n\t\t\t\t\t\t\t<i aria-hidden=\"true\" class=\"icon icon-right-arrow1\"><\/i>\t\t\t\t\t\t<\/span>\n\t\t\t\t\t\t\t\t\t\t<span class=\"elementor-icon-list-text\">Sustainability Solutions<\/span>\n\t\t\t\t\t\t\t\t\t\t\t<\/a>\n\t\t\t\t\t\t\t\t\t<\/li>\n\t\t\t\t\t\t<\/ul>\n\t\t\t\t\t\t<\/div>\n\t\t\t\t<\/div>\n\t\t\t\t<div class=\"elementor-element elementor-element-724af36 elementor-widget-divider--view-line elementor-widget elementor-widget-divider\" data-id=\"724af36\" data-element_type=\"widget\" data-e-type=\"widget\" data-widget_type=\"divider.default\">\n\t\t\t\t\t\t\t<div class=\"elementor-divider\">\n\t\t\t<span class=\"elementor-divider-separator\">\n\t\t\t\t\t\t<\/span>\n\t\t<\/div>\n\t\t\t\t\t\t<\/div>\n\t\t\t\t<div class=\"elementor-element elementor-element-d3916c5 elementor-widget elementor-widget-heading\" data-id=\"d3916c5\" data-element_type=\"widget\" data-e-type=\"widget\" data-widget_type=\"heading.default\">\n\t\t\t\t\t<h6 class=\"elementor-heading-title elementor-size-default\">Descargar cat\u00e1logo:<\/h6>\t\t\t\t<\/div>\n\t\t<div class=\"elementor-element elementor-element-363cd2a e-con-full e-flex e-con e-child\" data-id=\"363cd2a\" data-element_type=\"container\" data-e-type=\"container\">\n\t\t<div class=\"elementor-element elementor-element-47057a0 e-con-full e-flex e-con e-child\" data-id=\"47057a0\" data-element_type=\"container\" data-e-type=\"container\">\n\t\t\t\t<div class=\"elementor-element elementor-element-bcfe596 elementor-align-justify elementor-widget elementor-widget-button\" data-id=\"bcfe596\" data-element_type=\"widget\" data-e-type=\"widget\" data-widget_type=\"button.default\">\n\t\t\t\t\t\t\t\t\t\t<a class=\"elementor-button elementor-button-link elementor-size-sm\" href=\"#\">\n\t\t\t\t\t\t<span class=\"elementor-button-content-wrapper\">\n\t\t\t\t\t\t<span class=\"elementor-button-icon\">\n\t\t\t\t<svg aria-hidden=\"true\" class=\"e-font-icon-svg e-far-file-pdf\" viewBox=\"0 0 384 512\" xmlns=\"http:\/\/www.w3.org\/2000\/svg\"><path d=\"M369.9 97.9L286 14C277 5 264.8-.1 252.1-.1H48C21.5 0 0 21.5 0 48v416c0 26.5 21.5 48 48 48h288c26.5 0 48-21.5 48-48V131.9c0-12.7-5.1-25-14.1-34zM332.1 128H256V51.9l76.1 76.1zM48 464V48h160v104c0 13.3 10.7 24 24 24h104v288H48zm250.2-143.7c-12.2-12-47-8.7-64.4-6.5-17.2-10.5-28.7-25-36.8-46.3 3.9-16.1 10.1-40.6 5.4-56-4.2-26.2-37.8-23.6-42.6-5.9-4.4 16.1-.4 38.5 7 67.1-10 23.9-24.9 56-35.4 74.4-20 10.3-47 26.2-51 46.2-3.3 15.8 26 55.2 76.1-31.2 22.4-7.4 46.8-16.5 68.4-20.1 18.9 10.2 41 17 55.8 17 25.5 0 28-28.2 17.5-38.7zm-198.1 77.8c5.1-13.7 24.5-29.5 30.4-35-19 30.3-30.4 35.7-30.4 35zm81.6-190.6c7.4 0 6.7 32.1 1.8 40.8-4.4-13.9-4.3-40.8-1.8-40.8zm-24.4 136.6c9.7-16.9 18-37 24.7-54.7 8.3 15.1 18.9 27.2 30.1 35.5-20.8 4.3-38.9 13.1-54.8 19.2zm131.6-5s-5 6-37.3-7.8c35.1-2.6 40.9 5.4 37.3 7.8z\"><\/path><\/svg>\t\t\t<\/span>\n\t\t\t\t\t\t\t\t\t<span class=\"elementor-button-text\">PDF File<\/span>\n\t\t\t\t\t<\/span>\n\t\t\t\t\t<\/a>\n\t\t\t\t\t\t\t\t<\/div>\n\t\t\t\t<\/div>\n\t\t<div class=\"elementor-element elementor-element-29bc6b9 e-con-full e-flex e-con e-child\" data-id=\"29bc6b9\" data-element_type=\"container\" data-e-type=\"container\">\n\t\t\t\t<div class=\"elementor-element elementor-element-79b3821 elementor-align-justify elementor-widget elementor-widget-button\" data-id=\"79b3821\" data-element_type=\"widget\" data-e-type=\"widget\" data-widget_type=\"button.default\">\n\t\t\t\t\t\t\t\t\t\t<a class=\"elementor-button elementor-button-link elementor-size-sm\" href=\"#\">\n\t\t\t\t\t\t<span class=\"elementor-button-content-wrapper\">\n\t\t\t\t\t\t<span class=\"elementor-button-icon\">\n\t\t\t\t<i aria-hidden=\"true\" class=\"icon icon-document\"><\/i>\t\t\t<\/span>\n\t\t\t\t\t\t\t\t\t<span class=\"elementor-button-text\">Other Files<\/span>\n\t\t\t\t\t<\/span>\n\t\t\t\t\t<\/a>\n\t\t\t\t\t\t\t\t<\/div>\n\t\t\t\t<\/div>\n\t\t\t\t<\/div>\n\t\t<div class=\"elementor-element elementor-element-3a91821 e-con-full e-flex e-con e-child\" data-id=\"3a91821\" data-element_type=\"container\" data-e-type=\"container\" data-settings=\"{&quot;background_background&quot;:&quot;classic&quot;}\">\n\t\t\t\t<div class=\"elementor-element elementor-element-0d75205 elementor-widget elementor-widget-heading\" data-id=\"0d75205\" data-element_type=\"widget\" data-e-type=\"widget\" data-widget_type=\"heading.default\">\n\t\t\t\t\t<h3 class=\"elementor-heading-title elementor-size-default\">Impulsa tu negocio<\/h3>\t\t\t\t<\/div>\n\t\t\t\t<div class=\"elementor-element elementor-element-80f6646 elementor-align-center elementor-widget elementor-widget-button\" data-id=\"80f6646\" data-element_type=\"widget\" data-e-type=\"widget\" data-widget_type=\"button.default\">\n\t\t\t\t\t\t\t\t\t\t<a class=\"elementor-button elementor-button-link elementor-size-sm\" href=\"https:\/\/kind-indigo-pigeon.201-217-242-146.cpanel.site\/?page_id=177\">\n\t\t\t\t\t\t<span class=\"elementor-button-content-wrapper\">\n\t\t\t\t\t\t\t\t\t<span class=\"elementor-button-text\">Cont\u00e1ctanos<\/span>\n\t\t\t\t\t<\/span>\n\t\t\t\t\t<\/a>\n\t\t\t\t\t\t\t\t<\/div>\n\t\t\t\t<\/div>\n\t\t\t\t<\/div>\n\t\t<div class=\"elementor-element elementor-element-765e01f e-con-full e-flex e-con e-child\" data-id=\"765e01f\" data-element_type=\"container\" data-e-type=\"container\">\n\t\t\t\t<div class=\"elementor-element elementor-element-81dd1c5 elementor-widget elementor-widget-html\" data-id=\"81dd1c5\" data-element_type=\"widget\" data-e-type=\"widget\" data-widget_type=\"html.default\">\n\t\t\t\t\t<section class=\"machines-section\">\r\n\r\n<div class=\"machines-container\">\r\n\r\n<!-- MAQUINA 1 -->\r\n\r\n<div class=\"machine-card\">\r\n\r\n<div class=\"machine-slider\">\r\n\r\n<div class=\"slides\">\r\n<img decoding=\"async\" src=\"https:\/\/kind-indigo-pigeon.201-217-242-146.cpanel.site\/wp-content\/uploads\/2026\/02\/CSX5U8Gb.jpg\" class=\"slide active\">\r\n<img decoding=\"async\" src=\"http:\/\/kind-indigo-pigeon.201-217-242-146.cpanel.site\/wp-content\/uploads\/2026\/02\/UW698XMb.jpg\" class=\"slide\">\r\n<\/div>\r\n\r\n<div class=\"slider-nav\">\r\n<span class=\"dot active\"><\/span>\r\n<span class=\"dot\"><\/span>\r\n<\/div>\r\n\r\n<\/div>\r\n\r\n<div class=\"machine-info\">\r\n\r\n<h2>Retroexcavadora CAT 420F<\/h2>\r\n\r\n<p>\r\nEquipo vers\u00e1til para excavaciones y movimiento de tierra en obras urbanas y proyectos de infraestructura.\r\n<\/p>\r\n\r\n<ul class=\"machine-specs\">\r\n<li><span>Potencia<\/span> 93 HP<\/li>\r\n<li><span>Peso<\/span> 8.700 kg<\/li>\r\n<li><span>Profundidad<\/span> 4.3 m<\/li>\r\n<li><span>Capacidad balde<\/span> 1.0 m\u00b3<\/li>\r\n<\/ul>\r\n\r\n<a href=\"#cotizar\" class=\"machine-btn\">Solicitar cotizaci\u00f3n<\/a>\r\n\r\n<\/div>\r\n\r\n<\/div>\r\n\r\n\r\n<!-- MAQUINA 2 -->\r\n\r\n<div class=\"machine-card reverse\">\r\n\r\n<div class=\"machine-slider\">\r\n\r\n<div class=\"slides\">\r\n<img decoding=\"async\" src=\"https:\/\/kind-indigo-pigeon.201-217-242-146.cpanel.site\/wp-content\/uploads\/2026\/02\/CSX5U8Gb.jpg\" class=\"slide active\">\r\n<img decoding=\"async\" src=\"http:\/\/kind-indigo-pigeon.201-217-242-146.cpanel.site\/wp-content\/uploads\/2026\/02\/UW698XMb.jpg\" class=\"slide\">\r\n<\/div>\r\n\r\n<div class=\"slider-nav\">\r\n<span class=\"dot active\"><\/span>\r\n<span class=\"dot\"><\/span>\r\n<\/div>\r\n\r\n<\/div>\r\n\r\n<div class=\"machine-info\">\r\n\r\n<h2>Retroexcavadora 10<\/h2>\r\n\r\n<p>\r\nMaquinaria robusta dise\u00f1ada para excavaciones profundas, miner\u00eda y grandes movimientos de tierra.\r\n<\/p>\r\n\r\n<ul class=\"machine-specs\">\r\n<li><span>Potencia<\/span> 165 HP<\/li>\r\n<li><span>Peso<\/span> 21.000 kg<\/li>\r\n<li><span>Profundidad<\/span> 6.6 m<\/li>\r\n<li><span>Capacidad balde<\/span> 1.4 m\u00b3<\/li>\r\n<\/ul>\r\n\r\n<a href=\"#cotizar\" class=\"machine-btn\">Solicitar cotizaci\u00f3n<\/a>\r\n\r\n<\/div>\r\n\r\n<\/div>\r\n\r\n\r\n<!-- MAQUINA 3 -->\r\n\r\n<div class=\"machine-card\">\r\n\r\n<div class=\"machine-slider\">\r\n\r\n<div class=\"slides\">\r\n<img decoding=\"async\" src=\"https:\/\/kind-indigo-pigeon.201-217-242-146.cpanel.site\/wp-content\/uploads\/2026\/02\/CSX5U8Gb.jpg\" class=\"slide active\">\r\n<img decoding=\"async\" src=\"http:\/\/kind-indigo-pigeon.201-217-242-146.cpanel.site\/wp-content\/uploads\/2026\/02\/UW698XMb.jpg\" class=\"slide\">\r\n<\/div>\r\n\r\n<div class=\"slider-nav\">\r\n<span class=\"dot active\"><\/span>\r\n<span class=\"dot\"><\/span>\r\n<\/div>\r\n\r\n<\/div>\r\n\r\n<div class=\"machine-info\">\r\n\r\n<h2>Retroexcavadora X<\/h2>\r\n\r\n<p>\r\nIdeal para transporte de material en faenas de construcci\u00f3n, miner\u00eda y movimiento de tierra.\r\n<\/p>\r\n\r\n<ul class=\"machine-specs\">\r\n<li><span>Potencia<\/span> 460 HP<\/li>\r\n<li><span>Carga \u00fatil<\/span> 20 ton<\/li>\r\n<li><span>Tracci\u00f3n<\/span> 6x4<\/li>\r\n<li><span>Capacidad tolva<\/span> 14 m\u00b3<\/li>\r\n<\/ul>\r\n\r\n<a href=\"#cotizar\" class=\"machine-btn\">Solicitar cotizaci\u00f3n<\/a>\r\n\r\n<\/div>\r\n\r\n<\/div>\r\n\r\n\r\n<!-- MAQUINA 4 -->\r\n\r\n<div class=\"machine-card reverse\">\r\n\r\n<div class=\"machine-slider\">\r\n\r\n<div class=\"slides\">\r\n<img decoding=\"async\" src=\"https:\/\/kind-indigo-pigeon.201-217-242-146.cpanel.site\/wp-content\/uploads\/2026\/02\/CSX5U8Gb.jpg\" class=\"slide active\">\r\n<img decoding=\"async\" src=\"http:\/\/kind-indigo-pigeon.201-217-242-146.cpanel.site\/wp-content\/uploads\/2026\/02\/UW698XMb.jpg\" class=\"slide\">\r\n<\/div>\r\n\r\n<div class=\"slider-nav\">\r\n<span class=\"dot active\"><\/span>\r\n<span class=\"dot\"><\/span>\r\n<\/div>\r\n\r\n<\/div>\r\n\r\n<div class=\"machine-info\">\r\n\r\n<h2>Retroexcavadora 0<\/h2>\r\n\r\n<p>\r\nEquipo eficiente para carga de material, movimiento de \u00e1ridos y trabajos de gran productividad.\r\n<\/p>\r\n\r\n<ul class=\"machine-specs\">\r\n<li><span>Potencia<\/span> 225 HP<\/li>\r\n<li><span>Peso<\/span> 18.500 kg<\/li>\r\n<li><span>Capacidad balde<\/span> 3.2 m\u00b3<\/li>\r\n<li><span>Altura descarga<\/span> 2.9 m<\/li>\r\n<\/ul>\r\n\r\n<a href=\"#cotizar\" class=\"machine-btn\">Solicitar cotizaci\u00f3n<\/a>\r\n\r\n<\/div>\r\n\r\n<\/div>\r\n\r\n<\/div>\r\n<\/section>\r\n\r\n\r\n<script>\r\n    \r\n    document.querySelectorAll('.machine-slider').forEach(slider => {\r\n\r\nconst slides = slider.querySelectorAll('.slide');\r\nconst dots = slider.querySelectorAll('.dot');\r\n\r\nlet index = 0;\r\n\r\nfunction showSlide(i){\r\n\r\nslides.forEach(s => s.classList.remove('active'));\r\ndots.forEach(d => d.classList.remove('active'));\r\n\r\nslides[i].classList.add('active');\r\ndots[i].classList.add('active');\r\n\r\nindex = i;\r\n\r\n}\r\n\r\ndots.forEach((dot,i)=>{\r\n\r\ndot.addEventListener('click',()=>{\r\n\r\nshowSlide(i)\r\n\r\n})\r\n\r\n})\r\n\r\nsetInterval(()=>{\r\n\r\nindex++\r\n\r\nif(index >= slides.length){\r\nindex = 0\r\n}\r\n\r\nshowSlide(index)\r\n\r\n},5000)\r\n\r\n})\r\n<\/script>\r\n\t\t\t\t<\/div>\n\t\t\t\t<\/div>\n\t\t\t\t\t<\/div>\n\t\t\t\t<\/div>\n\t\t<div class=\"elementor-element elementor-element-a7155da e-flex e-con-boxed e-con e-parent\" data-id=\"a7155da\" data-element_type=\"container\" data-e-type=\"container\" id=\"cotizar\" data-settings=\"{&quot;background_background&quot;:&quot;classic&quot;}\">\n\t\t\t\t\t<div class=\"e-con-inner\">\n\t\t\t\t<div class=\"elementor-element elementor-element-79ffb7b elementor-widget elementor-widget-heading\" data-id=\"79ffb7b\" data-element_type=\"widget\" data-e-type=\"widget\" data-widget_type=\"heading.default\">\n\t\t\t\t\t<h2 class=\"elementor-heading-title elementor-size-default\">Solicitar cotizaci\u00f3n<\/h2>\t\t\t\t<\/div>\n\t\t\t\t<div class=\"elementor-element elementor-element-6c2fecc elementor-button-align-stretch elementor-widget elementor-widget-form\" data-id=\"6c2fecc\" data-element_type=\"widget\" data-e-type=\"widget\" data-settings=\"{&quot;step_next_label&quot;:&quot;Next&quot;,&quot;step_previous_label&quot;:&quot;Previous&quot;,&quot;button_width&quot;:&quot;100&quot;,&quot;step_type&quot;:&quot;number_text&quot;,&quot;step_icon_shape&quot;:&quot;circle&quot;}\" data-widget_type=\"form.default\">\n\t\t\t\t\t\t\t<form class=\"elementor-form\" method=\"post\" name=\"New Form\" aria-label=\"New Form\">\n\t\t\t<input type=\"hidden\" name=\"post_id\" value=\"2575\"\/>\n\t\t\t<input type=\"hidden\" name=\"form_id\" value=\"6c2fecc\"\/>\n\t\t\t<input type=\"hidden\" name=\"referer_title\" value=\"Retroexcavadoras\" \/>\n\n\t\t\t\t\t\t\t<input type=\"hidden\" name=\"queried_id\" value=\"2575\"\/>\n\t\t\t\n\t\t\t<div class=\"elementor-form-fields-wrapper elementor-labels-above\">\n\t\t\t\t\t\t\t\t<div class=\"elementor-field-type-text elementor-field-group elementor-column elementor-field-group-name elementor-col-100\">\n\t\t\t\t\t\t\t\t\t\t\t\t<label for=\"form-field-name\" class=\"elementor-field-label\">\n\t\t\t\t\t\t\t\tName\t\t\t\t\t\t\t<\/label>\n\t\t\t\t\t\t\t\t\t\t\t\t\t\t<input size=\"1\" type=\"text\" name=\"form_fields[name]\" id=\"form-field-name\" class=\"elementor-field elementor-size-sm  elementor-field-textual\" placeholder=\"Name\">\n\t\t\t\t\t\t\t\t\t\t\t<\/div>\n\t\t\t\t\t\t\t\t<div class=\"elementor-field-type-email elementor-field-group elementor-column elementor-field-group-email elementor-col-100 elementor-field-required\">\n\t\t\t\t\t\t\t\t\t\t\t\t<label for=\"form-field-email\" class=\"elementor-field-label\">\n\t\t\t\t\t\t\t\tEmail\t\t\t\t\t\t\t<\/label>\n\t\t\t\t\t\t\t\t\t\t\t\t\t\t<input size=\"1\" type=\"email\" name=\"form_fields[email]\" id=\"form-field-email\" class=\"elementor-field elementor-size-sm  elementor-field-textual\" placeholder=\"Email\" required=\"required\">\n\t\t\t\t\t\t\t\t\t\t\t<\/div>\n\t\t\t\t\t\t\t\t<div class=\"elementor-field-type-textarea elementor-field-group elementor-column elementor-field-group-message elementor-col-100\">\n\t\t\t\t\t\t\t\t\t\t\t\t<label for=\"form-field-message\" class=\"elementor-field-label\">\n\t\t\t\t\t\t\t\tMessage\t\t\t\t\t\t\t<\/label>\n\t\t\t\t\t\t<textarea class=\"elementor-field-textual elementor-field  elementor-size-sm\" name=\"form_fields[message]\" id=\"form-field-message\" rows=\"4\" placeholder=\"Message\"><\/textarea>\t\t\t\t<\/div>\n\t\t\t\t\t\t\t\t<div class=\"elementor-field-group elementor-column elementor-field-type-submit elementor-col-100 e-form__buttons\">\n\t\t\t\t\t<button class=\"elementor-button elementor-size-sm\" type=\"submit\">\n\t\t\t\t\t\t<span class=\"elementor-button-content-wrapper\">\n\t\t\t\t\t\t\t\t\t\t\t\t\t\t\t\t\t\t\t\t\t\t<span class=\"elementor-button-text\">Send<\/span>\n\t\t\t\t\t\t\t\t\t\t\t\t\t<\/span>\n\t\t\t\t\t<\/button>\n\t\t\t\t<\/div>\n\t\t\t<\/div>\n\t\t<\/form>\n\t\t\t\t\t\t<\/div>\n\t\t\t\t\t<\/div>\n\t\t\t\t<\/div>\n\t\t\t\t<\/div>\n\t\t","protected":false},"excerpt":{"rendered":"<p>Retroexcavadoras Inicio\u00a0&#8211; Servicios &#8211; Retroexcavadoras Otra maquinas Industrial Refining Ore Processing Mining Logistic Sustainability Solutions Sustainability Solutions Descargar cat\u00e1logo: PDF File Other Files Impulsa tu negocio Cont\u00e1ctanos Retroexcavadora CAT 420F Equipo vers\u00e1til para excavaciones y movimiento de tierra en obras urbanas y proyectos de infraestructura. Potencia 93 HP Peso 8.700 kg Profundidad 4.3 m Capacidad [&hellip;]<\/p>\n","protected":false},"author":1,"featured_media":0,"parent":0,"menu_order":0,"comment_status":"closed","ping_status":"closed","template":"","meta":{"_acf_changed":false,"_joinchat":[],"footnotes":""},"class_list":["post-2575","page","type-page","status-publish","hentry"],"acf":[],"_links":{"self":[{"href":"https:\/\/kind-indigo-pigeon.201-217-242-146.cpanel.site\/index.php?rest_route=\/wp\/v2\/pages\/2575","targetHints":{"allow":["GET"]}}],"collection":[{"href":"https:\/\/kind-indigo-pigeon.201-217-242-146.cpanel.site\/index.php?rest_route=\/wp\/v2\/pages"}],"about":[{"href":"https:\/\/kind-indigo-pigeon.201-217-242-146.cpanel.site\/index.php?rest_route=\/wp\/v2\/types\/page"}],"author":[{"embeddable":true,"href":"https:\/\/kind-indigo-pigeon.201-217-242-146.cpanel.site\/index.php?rest_route=\/wp\/v2\/users\/1"}],"replies":[{"embeddable":true,"href":"https:\/\/kind-indigo-pigeon.201-217-242-146.cpanel.site\/index.php?rest_route=%2Fwp%2Fv2%2Fcomments&post=2575"}],"version-history":[{"count":28,"href":"https:\/\/kind-indigo-pigeon.201-217-242-146.cpanel.site\/index.php?rest_route=\/wp\/v2\/pages\/2575\/revisions"}],"predecessor-version":[{"id":2808,"href":"https:\/\/kind-indigo-pigeon.201-217-242-146.cpanel.site\/index.php?rest_route=\/wp\/v2\/pages\/2575\/revisions\/2808"}],"wp:attachment":[{"href":"https:\/\/kind-indigo-pigeon.201-217-242-146.cpanel.site\/index.php?rest_route=%2Fwp%2Fv2%2Fmedia&parent=2575"}],"curies":[{"name":"wp","href":"https:\/\/api.w.org\/{rel}","templated":true}]}}