{"id":166,"date":"2026-02-27T16:54:55","date_gmt":"2026-02-27T19:54:55","guid":{"rendered":"https:\/\/kind-indigo-pigeon.201-217-242-146.cpanel.site\/?page_id=166"},"modified":"2026-04-11T17:11:01","modified_gmt":"2026-04-11T20:11:01","slug":"proyectos","status":"publish","type":"page","link":"https:\/\/kind-indigo-pigeon.201-217-242-146.cpanel.site\/?page_id=166","title":{"rendered":"Proyectos"},"content":{"rendered":"\t\t<div data-elementor-type=\"wp-page\" data-elementor-id=\"166\" class=\"elementor elementor-166\" data-elementor-post-type=\"page\">\n\t\t\t\t<div class=\"elementor-element elementor-element-4f8bd8eb e-flex e-con-boxed e-con e-parent\" data-id=\"4f8bd8eb\" data-element_type=\"container\" data-e-type=\"container\" data-settings=\"{&quot;background_background&quot;:&quot;classic&quot;}\">\n\t\t\t\t\t<div class=\"e-con-inner\">\n\t\t\t\t<div class=\"elementor-element elementor-element-402548de elementor-widget elementor-widget-heading\" data-id=\"402548de\" data-element_type=\"widget\" data-e-type=\"widget\" data-widget_type=\"heading.default\">\n\t\t\t\t\t<h2 class=\"elementor-heading-title elementor-size-default\">Proyectos<\/h2>\t\t\t\t<\/div>\n\t\t\t\t<div class=\"elementor-element elementor-element-7185195a elementor-widget elementor-widget-text-editor\" data-id=\"7185195a\" data-element_type=\"widget\" data-e-type=\"widget\" data-widget_type=\"text-editor.default\">\n\t\t\t\t\t\t\t\t\t<p><a href=\"#\">Inicio<\/a> &#8211; Proyectos<\/p>\t\t\t\t\t\t\t\t<\/div>\n\t\t\t\t\t<\/div>\n\t\t\t\t<\/div>\n\t\t<div class=\"elementor-element elementor-element-694d7c93 e-flex e-con-boxed e-con e-parent\" data-id=\"694d7c93\" data-element_type=\"container\" data-e-type=\"container\" data-settings=\"{&quot;background_background&quot;:&quot;classic&quot;}\">\n\t\t\t\t\t<div class=\"e-con-inner\">\n\t\t\t\t<div class=\"elementor-element elementor-element-6b27e6c2 elementor-widget elementor-widget-heading\" data-id=\"6b27e6c2\" data-element_type=\"widget\" data-e-type=\"widget\" data-widget_type=\"heading.default\">\n\t\t\t\t\t<h5 class=\"elementor-heading-title elementor-size-default\">\u00daltimos proyectos<\/h5>\t\t\t\t<\/div>\n\t\t<div class=\"elementor-element elementor-element-ba708a2 e-con-full e-flex e-con e-child\" data-id=\"ba708a2\" data-element_type=\"container\" data-e-type=\"container\">\n\t\t\t\t<div class=\"elementor-element elementor-element-75ba1298 elementor-invisible elementor-widget elementor-widget-heading\" data-id=\"75ba1298\" data-element_type=\"widget\" data-e-type=\"widget\" data-settings=\"{&quot;_animation&quot;:&quot;slideInLeft&quot;}\" data-widget_type=\"heading.default\">\n\t\t\t\t\t<h2 class=\"elementor-heading-title elementor-size-default\">Descubre m\u00e1s con los\n<\/h2>\t\t\t\t<\/div>\n\t\t\t\t<div class=\"elementor-element elementor-element-74c8908 elementor-invisible elementor-widget elementor-widget-heading\" data-id=\"74c8908\" data-element_type=\"widget\" data-e-type=\"widget\" data-settings=\"{&quot;_animation&quot;:&quot;slideInLeft&quot;}\" data-widget_type=\"heading.default\">\n\t\t\t\t\t<h2 class=\"elementor-heading-title elementor-size-default\">\u00daltimos proyectos\n<\/h2>\t\t\t\t<\/div>\n\t\t\t\t<\/div>\n\t\t\t\t<div class=\"elementor-element elementor-element-44c2c1fc elementor-widget elementor-widget-text-editor\" data-id=\"44c2c1fc\" data-element_type=\"widget\" data-e-type=\"widget\" data-widget_type=\"text-editor.default\">\n\t\t\t\t\t\t\t\t\t<p>Lorem fistrum por la gloria de mi madre esse jarl aliqua llevame al sircoo. De la pradera ullamco qu\u00e9 dise usteer est\u00e1 la cosa muy malar.<\/p>\t\t\t\t\t\t\t\t<\/div>\n\t\t<div class=\"elementor-element elementor-element-54e0440b e-con-full e-flex e-con e-child\" data-id=\"54e0440b\" data-element_type=\"container\" data-e-type=\"container\">\n\t\t\t\t<div class=\"elementor-element elementor-element-9901273 elementor-grid-3 elementor-grid-tablet-2 elementor-grid-mobile-1 elementor-posts--thumbnail-top elementor-widget elementor-widget-posts\" data-id=\"9901273\" data-element_type=\"widget\" data-e-type=\"widget\" data-settings=\"{&quot;classic_columns&quot;:&quot;3&quot;,&quot;classic_columns_tablet&quot;:&quot;2&quot;,&quot;classic_columns_mobile&quot;:&quot;1&quot;,&quot;classic_row_gap&quot;:{&quot;unit&quot;:&quot;px&quot;,&quot;size&quot;:35,&quot;sizes&quot;:[]},&quot;classic_row_gap_tablet&quot;:{&quot;unit&quot;:&quot;px&quot;,&quot;size&quot;:&quot;&quot;,&quot;sizes&quot;:[]},&quot;classic_row_gap_mobile&quot;:{&quot;unit&quot;:&quot;px&quot;,&quot;size&quot;:&quot;&quot;,&quot;sizes&quot;:[]}}\" data-widget_type=\"posts.classic\">\n\t\t\t\t<div class=\"elementor-widget-container\">\n\t\t\t\t\t\t\t<div class=\"elementor-posts-container elementor-posts elementor-posts--skin-classic elementor-grid\" role=\"list\">\n\t\t\t\t<article class=\"elementor-post elementor-grid-item post-3052 post type-post status-publish format-standard has-post-thumbnail hentry category-proyectos\" role=\"listitem\">\n\t\t\t\t<a class=\"elementor-post__thumbnail__link\" href=\"https:\/\/kind-indigo-pigeon.201-217-242-146.cpanel.site\/?p=3052\" tabindex=\"-1\" >\n\t\t\t<div class=\"elementor-post__thumbnail\"><img fetchpriority=\"high\" decoding=\"async\" width=\"300\" height=\"206\" src=\"https:\/\/kind-indigo-pigeon.201-217-242-146.cpanel.site\/wp-content\/uploads\/2019\/12\/mesco-proyecto-minera-esperanza-300x206.jpg\" class=\"attachment-medium size-medium wp-image-515\" alt=\"Minera Esperanza\" srcset=\"https:\/\/kind-indigo-pigeon.201-217-242-146.cpanel.site\/wp-content\/uploads\/2019\/12\/mesco-proyecto-minera-esperanza-300x206.jpg 300w, https:\/\/kind-indigo-pigeon.201-217-242-146.cpanel.site\/wp-content\/uploads\/2019\/12\/mesco-proyecto-minera-esperanza.jpg 700w\" sizes=\"(max-width: 300px) 100vw, 300px\" \/><\/div>\n\t\t<\/a>\n\t\t\t\t<div class=\"elementor-post__text\">\n\t\t\t\t<h3 class=\"elementor-post__title\">\n\t\t\t<a href=\"https:\/\/kind-indigo-pigeon.201-217-242-146.cpanel.site\/?p=3052\" >\n\t\t\t\tProyecto Pirita\t\t\t<\/a>\n\t\t<\/h3>\n\t\t\t\t<div class=\"elementor-post__meta-data\">\n\t\t\t\t\t<span class=\"elementor-post-date\">\n\t\t\t11 de Abril de 2026\t\t<\/span>\n\t\t\t\t<span class=\"elementor-post-avatar\">\n\t\t\tSin Comentarios\t\t<\/span>\n\t\t\t\t<\/div>\n\t\t\t\t<div class=\"elementor-post__excerpt\">\n\t\t\t<p>Minera Esperanza \u2013 Sierra<br \/>\nGorda, Regi\u00f3n de Antofagasta.<\/p>\n\t\t<\/div>\n\t\t\n\t\t<a class=\"elementor-post__read-more\" href=\"https:\/\/kind-indigo-pigeon.201-217-242-146.cpanel.site\/?p=3052\" aria-label=\"Read more about Proyecto Pirita\" tabindex=\"-1\" >\n\t\t\tRead More \u00bb\t\t<\/a>\n\n\t\t\t\t<\/div>\n\t\t\t\t<\/article>\n\t\t\t\t<article class=\"elementor-post elementor-grid-item post-3047 post type-post status-publish format-standard has-post-thumbnail hentry category-proyectos\" role=\"listitem\">\n\t\t\t\t<a class=\"elementor-post__thumbnail__link\" href=\"https:\/\/kind-indigo-pigeon.201-217-242-146.cpanel.site\/?p=3047\" tabindex=\"-1\" >\n\t\t\t<div class=\"elementor-post__thumbnail\"><img decoding=\"async\" width=\"300\" height=\"206\" src=\"https:\/\/kind-indigo-pigeon.201-217-242-146.cpanel.site\/wp-content\/uploads\/2019\/12\/mesco-proyecto-alto-macul-300x206.jpg\" class=\"attachment-medium size-medium wp-image-375\" alt=\"Alto Macul\" srcset=\"https:\/\/kind-indigo-pigeon.201-217-242-146.cpanel.site\/wp-content\/uploads\/2019\/12\/mesco-proyecto-alto-macul-300x206.jpg 300w, https:\/\/kind-indigo-pigeon.201-217-242-146.cpanel.site\/wp-content\/uploads\/2019\/12\/mesco-proyecto-alto-macul.jpg 700w\" sizes=\"(max-width: 300px) 100vw, 300px\" \/><\/div>\n\t\t<\/a>\n\t\t\t\t<div class=\"elementor-post__text\">\n\t\t\t\t<h3 class=\"elementor-post__title\">\n\t\t\t<a href=\"https:\/\/kind-indigo-pigeon.201-217-242-146.cpanel.site\/?p=3047\" >\n\t\t\t\tAlto Macul\t\t\t<\/a>\n\t\t<\/h3>\n\t\t\t\t<div class=\"elementor-post__meta-data\">\n\t\t\t\t\t<span class=\"elementor-post-date\">\n\t\t\t11 de Abril de 2026\t\t<\/span>\n\t\t\t\t<span class=\"elementor-post-avatar\">\n\t\t\tSin Comentarios\t\t<\/span>\n\t\t\t\t<\/div>\n\t\t\t\t<div class=\"elementor-post__excerpt\">\n\t\t\t<p>Ubicaci\u00f3n: Pe\u00f1alolen Alto, Santiago,Regi\u00f3n Metropolitana. Descripci\u00f3n: Construcci\u00f3n deterraplenes, terrazas y calles de accesopara condominio residencial. Vol\u00famenes Totales: 80.000 m3.<\/p>\n\t\t<\/div>\n\t\t\n\t\t<a class=\"elementor-post__read-more\" href=\"https:\/\/kind-indigo-pigeon.201-217-242-146.cpanel.site\/?p=3047\" aria-label=\"Read more about Alto Macul\" tabindex=\"-1\" >\n\t\t\tRead More \u00bb\t\t<\/a>\n\n\t\t\t\t<\/div>\n\t\t\t\t<\/article>\n\t\t\t\t<article class=\"elementor-post elementor-grid-item post-2985 post type-post status-publish format-standard has-post-thumbnail hentry category-proyectos\" role=\"listitem\">\n\t\t\t\t<a class=\"elementor-post__thumbnail__link\" href=\"https:\/\/kind-indigo-pigeon.201-217-242-146.cpanel.site\/?p=2985\" tabindex=\"-1\" >\n\t\t\t<div class=\"elementor-post__thumbnail\"><img decoding=\"async\" width=\"300\" height=\"206\" src=\"https:\/\/kind-indigo-pigeon.201-217-242-146.cpanel.site\/wp-content\/uploads\/2019\/12\/mesco-proyecto-param-300x206.jpg\" class=\"attachment-medium size-medium wp-image-514\" alt=\"Proyecto Param (Instalaciones Google Chile)\" srcset=\"https:\/\/kind-indigo-pigeon.201-217-242-146.cpanel.site\/wp-content\/uploads\/2019\/12\/mesco-proyecto-param-300x206.jpg 300w, https:\/\/kind-indigo-pigeon.201-217-242-146.cpanel.site\/wp-content\/uploads\/2019\/12\/mesco-proyecto-param.jpg 700w\" sizes=\"(max-width: 300px) 100vw, 300px\" \/><\/div>\n\t\t<\/a>\n\t\t\t\t<div class=\"elementor-post__text\">\n\t\t\t\t<h3 class=\"elementor-post__title\">\n\t\t\t<a href=\"https:\/\/kind-indigo-pigeon.201-217-242-146.cpanel.site\/?p=2985\" >\n\t\t\t\tProyecto Param (Instalaciones Google Chile)\t\t\t<\/a>\n\t\t<\/h3>\n\t\t\t\t<div class=\"elementor-post__meta-data\">\n\t\t\t\t\t<span class=\"elementor-post-date\">\n\t\t\t6 de Abril de 2026\t\t<\/span>\n\t\t\t\t<span class=\"elementor-post-avatar\">\n\t\t\tSin Comentarios\t\t<\/span>\n\t\t\t\t<\/div>\n\t\t\t\t<div class=\"elementor-post__excerpt\">\n\t\t\t<p>Ubicaci\u00f3n: Quilicura, Santiago, Regi\u00f3nMetropolitana. Descripci\u00f3n: Mejoramiento de suelo parala fundaci\u00f3n del edificio data center deGoogle en Chile. Vol\u00famenes Totales: 130.000 m3.<\/p>\n\t\t<\/div>\n\t\t\n\t\t<a class=\"elementor-post__read-more\" href=\"https:\/\/kind-indigo-pigeon.201-217-242-146.cpanel.site\/?p=2985\" aria-label=\"Read more about Proyecto Param (Instalaciones Google Chile)\" tabindex=\"-1\" >\n\t\t\tRead More \u00bb\t\t<\/a>\n\n\t\t\t\t<\/div>\n\t\t\t\t<\/article>\n\t\t\t\t<article class=\"elementor-post elementor-grid-item post-2977 post type-post status-publish format-standard has-post-thumbnail hentry category-proyectos\" role=\"listitem\">\n\t\t\t\t<a class=\"elementor-post__thumbnail__link\" href=\"https:\/\/kind-indigo-pigeon.201-217-242-146.cpanel.site\/?p=2977\" tabindex=\"-1\" >\n\t\t\t<div class=\"elementor-post__thumbnail\"><img loading=\"lazy\" decoding=\"async\" width=\"300\" height=\"206\" src=\"https:\/\/kind-indigo-pigeon.201-217-242-146.cpanel.site\/wp-content\/uploads\/2019\/12\/mesco-proyecto-mall-alto-los-dominicos-300x206.jpg\" class=\"attachment-medium size-medium wp-image-513\" alt=\"Mall Plaza Los Dominicos\" srcset=\"https:\/\/kind-indigo-pigeon.201-217-242-146.cpanel.site\/wp-content\/uploads\/2019\/12\/mesco-proyecto-mall-alto-los-dominicos-300x206.jpg 300w, https:\/\/kind-indigo-pigeon.201-217-242-146.cpanel.site\/wp-content\/uploads\/2019\/12\/mesco-proyecto-mall-alto-los-dominicos.jpg 700w\" sizes=\"(max-width: 300px) 100vw, 300px\" \/><\/div>\n\t\t<\/a>\n\t\t\t\t<div class=\"elementor-post__text\">\n\t\t\t\t<h3 class=\"elementor-post__title\">\n\t\t\t<a href=\"https:\/\/kind-indigo-pigeon.201-217-242-146.cpanel.site\/?p=2977\" >\n\t\t\t\tMall Plaza Los Dom\u00ednicos\t\t\t<\/a>\n\t\t<\/h3>\n\t\t\t\t<div class=\"elementor-post__meta-data\">\n\t\t\t\t\t<span class=\"elementor-post-date\">\n\t\t\t6 de Abril de 2026\t\t<\/span>\n\t\t\t\t<span class=\"elementor-post-avatar\">\n\t\t\tSin Comentarios\t\t<\/span>\n\t\t\t\t<\/div>\n\t\t\t\t<div class=\"elementor-post__excerpt\">\n\t\t\t<p>\u00a0 Ubicaci\u00f3n: Las Condes, Santiago,Regi\u00f3n Metropolitana. Descripci\u00f3n: Excavaci\u00f3n masiva a 23metros de profundidad con transporte abotadero para la construcci\u00f3n del centrocomercial. Vol\u00famenes Excavaci\u00f3n: 1.000.000 m3.<\/p>\n\t\t<\/div>\n\t\t\n\t\t<a class=\"elementor-post__read-more\" href=\"https:\/\/kind-indigo-pigeon.201-217-242-146.cpanel.site\/?p=2977\" aria-label=\"Read more about Mall Plaza Los Dom\u00ednicos\" tabindex=\"-1\" >\n\t\t\tRead More \u00bb\t\t<\/a>\n\n\t\t\t\t<\/div>\n\t\t\t\t<\/article>\n\t\t\t\t<\/div>\n\t\t\n\t\t\t\t\t\t<\/div>\n\t\t\t\t<\/div>\n\t\t\t\t<\/div>\n\t\t\t\t\t<\/div>\n\t\t\t\t<\/div>\n\t\t<div class=\"elementor-element elementor-element-1364308 e-flex e-con-boxed e-con e-parent\" data-id=\"1364308\" data-element_type=\"container\" data-e-type=\"container\" data-settings=\"{&quot;background_background&quot;:&quot;classic&quot;}\">\n\t\t\t\t\t<div class=\"e-con-inner\">\n\t\t<div class=\"elementor-element elementor-element-57360634 e-con-full e-flex e-con e-child\" data-id=\"57360634\" data-element_type=\"container\" data-e-type=\"container\">\n\t\t<div class=\"elementor-element elementor-element-3897f22e e-con-full e-flex e-con e-child\" data-id=\"3897f22e\" data-element_type=\"container\" data-e-type=\"container\">\n\t\t<div class=\"elementor-element elementor-element-6751e233 e-con-full e-flex e-con e-child\" data-id=\"6751e233\" data-element_type=\"container\" data-e-type=\"container\">\n\t\t\t\t<div class=\"elementor-element elementor-element-23f1ed26 elementor-invisible elementor-widget elementor-widget-heading\" data-id=\"23f1ed26\" data-element_type=\"widget\" data-e-type=\"widget\" data-settings=\"{&quot;_animation&quot;:&quot;slideInLeft&quot;}\" data-widget_type=\"heading.default\">\n\t\t\t\t\t<h2 class=\"elementor-heading-title elementor-size-default\">Manteng\u00e1monos en<\/h2>\t\t\t\t<\/div>\n\t\t\t\t<div class=\"elementor-element elementor-element-4920221f elementor-invisible elementor-widget elementor-widget-heading\" data-id=\"4920221f\" data-element_type=\"widget\" data-e-type=\"widget\" data-settings=\"{&quot;_animation&quot;:&quot;slideInLeft&quot;}\" data-widget_type=\"heading.default\">\n\t\t\t\t\t<h2 class=\"elementor-heading-title elementor-size-default\">Contacto<\/h2>\t\t\t\t<\/div>\n\t\t\t\t<\/div>\n\t\t\t\t<\/div>\n\t\t<div class=\"elementor-element elementor-element-2756ec8c e-con-full e-flex e-con e-child\" data-id=\"2756ec8c\" data-element_type=\"container\" data-e-type=\"container\">\n\t\t<div class=\"elementor-element elementor-element-bccd44 e-con-full e-flex e-con e-child\" data-id=\"bccd44\" data-element_type=\"container\" data-e-type=\"container\">\n\t\t\t\t<div class=\"elementor-element elementor-element-2666105e elementor-view-default elementor-widget elementor-widget-icon\" data-id=\"2666105e\" data-element_type=\"widget\" data-e-type=\"widget\" data-widget_type=\"icon.default\">\n\t\t\t\t\t\t\t<div class=\"elementor-icon-wrapper\">\n\t\t\t<div class=\"elementor-icon\">\n\t\t\t<svg aria-hidden=\"true\" class=\"e-font-icon-svg e-fas-arrow-right\" viewBox=\"0 0 448 512\" xmlns=\"http:\/\/www.w3.org\/2000\/svg\"><path d=\"M190.5 66.9l22.2-22.2c9.4-9.4 24.6-9.4 33.9 0L441 239c9.4 9.4 9.4 24.6 0 33.9L246.6 467.3c-9.4 9.4-24.6 9.4-33.9 0l-22.2-22.2c-9.5-9.5-9.3-25 .4-34.3L311.4 296H24c-13.3 0-24-10.7-24-24v-32c0-13.3 10.7-24 24-24h287.4L190.9 101.2c-9.8-9.3-10-24.8-.4-34.3z\"><\/path><\/svg>\t\t\t<\/div>\n\t\t<\/div>\n\t\t\t\t\t\t<\/div>\n\t\t\t\t<\/div>\n\t\t<div class=\"elementor-element elementor-element-1837a641 e-con-full e-flex e-con e-child\" data-id=\"1837a641\" data-element_type=\"container\" data-e-type=\"container\">\n\t\t\t\t<div class=\"elementor-element elementor-element-66bbb9b4 elementor-widget elementor-widget-text-editor\" data-id=\"66bbb9b4\" data-element_type=\"widget\" data-e-type=\"widget\" data-widget_type=\"text-editor.default\">\n\t\t\t\t\t\t\t\t\t<div class=\"elementor-element elementor-element-6a542ea8 e-con-full e-flex e-con e-child\" data-id=\"6a542ea8\" data-element_type=\"container\" data-e-type=\"container\"><div class=\"elementor-element elementor-element-e13a50c e-con-full e-flex e-con e-child\" data-id=\"e13a50c\" data-element_type=\"container\" data-e-type=\"container\"><div class=\"elementor-element elementor-element-3e267f89 e-con-full e-flex e-con e-child\" data-id=\"3e267f89\" data-element_type=\"container\" data-e-type=\"container\"><div class=\"elementor-element elementor-element-54f8e694 elementor-widget elementor-widget-text-editor\" data-id=\"54f8e694\" data-element_type=\"widget\" data-e-type=\"widget\" data-widget_type=\"text-editor.default\"><p>Nuestro equipo est\u00e1 siempre disponible para asesorarte y ayudarte a desarrollar tu proyecto con eficiencia, experiencia y altos est\u00e1ndares de calidad.<\/p><\/div><\/div><\/div><\/div>\t\t\t\t\t\t\t\t<\/div>\n\t\t\t\t<\/div>\n\t\t\t\t<\/div>\n\t\t\t\t<\/div>\n\t\t<div class=\"elementor-element elementor-element-6882bfde e-con-full e-flex e-con e-child\" data-id=\"6882bfde\" data-element_type=\"container\" data-e-type=\"container\">\n\t\t<div class=\"elementor-element elementor-element-4e1e9530 e-con-full e-flex e-con e-child\" data-id=\"4e1e9530\" data-element_type=\"container\" data-e-type=\"container\">\n\t\t<div class=\"elementor-element elementor-element-4c96c54d e-con-full e-flex e-con e-child\" data-id=\"4c96c54d\" data-element_type=\"container\" data-e-type=\"container\">\n\t\t\t\t<div class=\"elementor-element elementor-element-75bb16ba elementor-widget elementor-widget-heading\" data-id=\"75bb16ba\" data-element_type=\"widget\" data-e-type=\"widget\" data-widget_type=\"heading.default\">\n\t\t\t\t\t<h6 class=\"elementor-heading-title elementor-size-default\">Phone:<\/h6>\t\t\t\t<\/div>\n\t\t\t\t<div class=\"elementor-element elementor-element-2edd76f2 elementor-widget elementor-widget-heading\" data-id=\"2edd76f2\" data-element_type=\"widget\" data-e-type=\"widget\" data-widget_type=\"heading.default\">\n\t\t\t\t\t<h4 class=\"elementor-heading-title elementor-size-default\">+56991285582\n<\/h4>\t\t\t\t<\/div>\n\t\t\t\t<\/div>\n\t\t<div class=\"elementor-element elementor-element-263764d9 e-con-full e-flex e-con e-child\" data-id=\"263764d9\" data-element_type=\"container\" data-e-type=\"container\">\n\t\t\t\t<div class=\"elementor-element elementor-element-6e0e8fa7 elementor-widget elementor-widget-heading\" data-id=\"6e0e8fa7\" data-element_type=\"widget\" data-e-type=\"widget\" data-widget_type=\"heading.default\">\n\t\t\t\t\t<h6 class=\"elementor-heading-title elementor-size-default\">Mail:<\/h6>\t\t\t\t<\/div>\n\t\t\t\t<div class=\"elementor-element elementor-element-6a793dde elementor-widget elementor-widget-heading\" data-id=\"6a793dde\" data-element_type=\"widget\" data-e-type=\"widget\" data-widget_type=\"heading.default\">\n\t\t\t\t\t<h4 class=\"elementor-heading-title elementor-size-default\">contacto@mesco.cl\n<\/h4>\t\t\t\t<\/div>\n\t\t\t\t<\/div>\n\t\t<div class=\"elementor-element elementor-element-7bd7bf26 e-con-full e-flex e-con e-child\" data-id=\"7bd7bf26\" data-element_type=\"container\" data-e-type=\"container\">\n\t\t\t\t<div class=\"elementor-element elementor-element-6a448602 elementor-widget elementor-widget-heading\" data-id=\"6a448602\" data-element_type=\"widget\" data-e-type=\"widget\" data-widget_type=\"heading.default\">\n\t\t\t\t\t<h6 class=\"elementor-heading-title elementor-size-default\">Office:<\/h6>\t\t\t\t<\/div>\n\t\t\t\t<div class=\"elementor-element elementor-element-1331308 elementor-widget elementor-widget-heading\" data-id=\"1331308\" data-element_type=\"widget\" data-e-type=\"widget\" data-widget_type=\"heading.default\">\n\t\t\t\t\t<h4 class=\"elementor-heading-title elementor-size-default\">Camino Renca Lampa 9300\n<\/h4>\t\t\t\t<\/div>\n\t\t\t\t<div class=\"elementor-element elementor-element-5b72f10d elementor-widget elementor-widget-heading\" data-id=\"5b72f10d\" data-element_type=\"widget\" data-e-type=\"widget\" data-widget_type=\"heading.default\">\n\t\t\t\t\t<h4 class=\"elementor-heading-title elementor-size-default\">Sitio N\u00ba23, Pudahuel.\n<\/h4>\t\t\t\t<\/div>\n\t\t\t\t<\/div>\n\t\t\t\t<\/div>\n\t\t<div class=\"elementor-element elementor-element-7e284f43 e-con-full e-flex e-con e-child\" data-id=\"7e284f43\" data-element_type=\"container\" data-e-type=\"container\" data-settings=\"{&quot;background_background&quot;:&quot;classic&quot;}\">\n\t\t<div class=\"elementor-element elementor-element-401a7c03 e-con-full e-flex e-con e-child\" data-id=\"401a7c03\" data-element_type=\"container\" data-e-type=\"container\" data-settings=\"{&quot;background_background&quot;:&quot;classic&quot;}\">\n\t\t\t\t<div class=\"elementor-element elementor-element-9e4dcd0 elementor-widget elementor-widget-heading\" data-id=\"9e4dcd0\" data-element_type=\"widget\" data-e-type=\"widget\" data-widget_type=\"heading.default\">\n\t\t\t\t\t<h2 class=\"elementor-heading-title elementor-size-default\">Env\u00edanos un mensaje<\/h2>\t\t\t\t<\/div>\n\t\t\t\t<div class=\"elementor-element elementor-element-f5dcad9 elementor-button-align-stretch elementor-widget elementor-widget-form\" data-id=\"f5dcad9\" data-element_type=\"widget\" data-e-type=\"widget\" data-settings=\"{&quot;step_next_label&quot;:&quot;Next&quot;,&quot;step_previous_label&quot;:&quot;Previous&quot;,&quot;button_width&quot;:&quot;100&quot;,&quot;step_type&quot;:&quot;number_text&quot;,&quot;step_icon_shape&quot;:&quot;circle&quot;}\" data-widget_type=\"form.default\">\n\t\t\t\t\t\t\t<form class=\"elementor-form\" method=\"post\" name=\"New Form\" aria-label=\"New Form\">\n\t\t\t<input type=\"hidden\" name=\"post_id\" value=\"166\"\/>\n\t\t\t<input type=\"hidden\" name=\"form_id\" value=\"f5dcad9\"\/>\n\t\t\t<input type=\"hidden\" name=\"referer_title\" value=\"Proyectos\" \/>\n\n\t\t\t\t\t\t\t<input type=\"hidden\" name=\"queried_id\" value=\"166\"\/>\n\t\t\t\n\t\t\t<div class=\"elementor-form-fields-wrapper elementor-labels-above\">\n\t\t\t\t\t\t\t\t<div class=\"elementor-field-type-text elementor-field-group elementor-column elementor-field-group-name elementor-col-100\">\n\t\t\t\t\t\t\t\t\t\t\t\t<label for=\"form-field-name\" class=\"elementor-field-label\">\n\t\t\t\t\t\t\t\tNombre\t\t\t\t\t\t\t<\/label>\n\t\t\t\t\t\t\t\t\t\t\t\t\t\t<input size=\"1\" type=\"text\" name=\"form_fields[name]\" id=\"form-field-name\" class=\"elementor-field elementor-size-sm  elementor-field-textual\">\n\t\t\t\t\t\t\t\t\t\t\t<\/div>\n\t\t\t\t\t\t\t\t<div class=\"elementor-field-type-email elementor-field-group elementor-column elementor-field-group-email elementor-col-100 elementor-field-required\">\n\t\t\t\t\t\t\t\t\t\t\t\t<label for=\"form-field-email\" class=\"elementor-field-label\">\n\t\t\t\t\t\t\t\tEmail\t\t\t\t\t\t\t<\/label>\n\t\t\t\t\t\t\t\t\t\t\t\t\t\t<input size=\"1\" type=\"email\" name=\"form_fields[email]\" id=\"form-field-email\" class=\"elementor-field elementor-size-sm  elementor-field-textual\" required=\"required\">\n\t\t\t\t\t\t\t\t\t\t\t<\/div>\n\t\t\t\t\t\t\t\t<div class=\"elementor-field-type-textarea elementor-field-group elementor-column elementor-field-group-message elementor-col-100\">\n\t\t\t\t\t\t\t\t\t\t\t\t<label for=\"form-field-message\" class=\"elementor-field-label\">\n\t\t\t\t\t\t\t\tMensaje\t\t\t\t\t\t\t<\/label>\n\t\t\t\t\t\t<textarea class=\"elementor-field-textual elementor-field  elementor-size-sm\" name=\"form_fields[message]\" id=\"form-field-message\" rows=\"4\"><\/textarea>\t\t\t\t<\/div>\n\t\t\t\t\t\t\t\t<div class=\"elementor-field-group elementor-column elementor-field-type-submit elementor-col-100 e-form__buttons\">\n\t\t\t\t\t<button class=\"elementor-button elementor-size-sm\" type=\"submit\">\n\t\t\t\t\t\t<span class=\"elementor-button-content-wrapper\">\n\t\t\t\t\t\t\t\t\t\t\t\t\t\t\t\t\t\t\t\t\t\t<span class=\"elementor-button-text\">Enviar<\/span>\n\t\t\t\t\t\t\t\t\t\t\t\t\t<\/span>\n\t\t\t\t\t<\/button>\n\t\t\t\t<\/div>\n\t\t\t<\/div>\n\t\t<\/form>\n\t\t\t\t\t\t<\/div>\n\t\t\t\t<\/div>\n\t\t\t\t<\/div>\n\t\t\t\t<\/div>\n\t\t\t\t\t<\/div>\n\t\t\t\t<\/div>\n\t\t<div class=\"elementor-element elementor-element-57e051f6 e-flex e-con-boxed e-con e-parent\" data-id=\"57e051f6\" data-element_type=\"container\" data-e-type=\"container\" data-settings=\"{&quot;background_background&quot;:&quot;classic&quot;}\">\n\t\t\t\t\t<div class=\"e-con-inner\">\n\t\t\t\t<div class=\"elementor-element elementor-element-3f26e455 elementor-widget__width-initial elementor-widget elementor-widget-heading\" data-id=\"3f26e455\" data-element_type=\"widget\" data-e-type=\"widget\" data-widget_type=\"heading.default\">\n\t\t\t\t\t<h2 class=\"elementor-heading-title elementor-size-default\">\u00a1Lidera la industria minera hoy mismo!\n<\/h2>\t\t\t\t<\/div>\n\t\t\t\t<div class=\"elementor-element elementor-element-388f1a4d elementor-align-center elementor-widget elementor-widget-button\" data-id=\"388f1a4d\" data-element_type=\"widget\" data-e-type=\"widget\" data-widget_type=\"button.default\">\n\t\t\t\t\t\t\t\t\t\t<a class=\"elementor-button elementor-button-link elementor-size-sm\" href=\"https:\/\/kind-indigo-pigeon.201-217-242-146.cpanel.site\/?page_id=177\">\n\t\t\t\t\t\t<span class=\"elementor-button-content-wrapper\">\n\t\t\t\t\t\t\t\t\t<span class=\"elementor-button-text\">Cont\u00e1ctanos<\/span>\n\t\t\t\t\t<\/span>\n\t\t\t\t\t<\/a>\n\t\t\t\t\t\t\t\t<\/div>\n\t\t\t\t\t<\/div>\n\t\t\t\t<\/div>\n\t\t\t\t<\/div>\n\t\t","protected":false},"excerpt":{"rendered":"<p>Proyectos Inicio &#8211; Proyectos \u00daltimos proyectos Descubre m\u00e1s con los \u00daltimos proyectos Lorem fistrum por la gloria de mi madre esse jarl aliqua llevame al sircoo. De la pradera ullamco qu\u00e9 dise usteer est\u00e1 la cosa muy malar. Manteng\u00e1monos en Contacto Nuestro equipo est\u00e1 siempre disponible para asesorarte y ayudarte a desarrollar tu proyecto con [&hellip;]<\/p>\n","protected":false},"author":1,"featured_media":0,"parent":0,"menu_order":0,"comment_status":"closed","ping_status":"closed","template":"","meta":{"_acf_changed":false,"_joinchat":[],"footnotes":""},"class_list":["post-166","page","type-page","status-publish","hentry"],"acf":[],"_links":{"self":[{"href":"https:\/\/kind-indigo-pigeon.201-217-242-146.cpanel.site\/index.php?rest_route=\/wp\/v2\/pages\/166","targetHints":{"allow":["GET"]}}],"collection":[{"href":"https:\/\/kind-indigo-pigeon.201-217-242-146.cpanel.site\/index.php?rest_route=\/wp\/v2\/pages"}],"about":[{"href":"https:\/\/kind-indigo-pigeon.201-217-242-146.cpanel.site\/index.php?rest_route=\/wp\/v2\/types\/page"}],"author":[{"embeddable":true,"href":"https:\/\/kind-indigo-pigeon.201-217-242-146.cpanel.site\/index.php?rest_route=\/wp\/v2\/users\/1"}],"replies":[{"embeddable":true,"href":"https:\/\/kind-indigo-pigeon.201-217-242-146.cpanel.site\/index.php?rest_route=%2Fwp%2Fv2%2Fcomments&post=166"}],"version-history":[{"count":46,"href":"https:\/\/kind-indigo-pigeon.201-217-242-146.cpanel.site\/index.php?rest_route=\/wp\/v2\/pages\/166\/revisions"}],"predecessor-version":[{"id":3068,"href":"https:\/\/kind-indigo-pigeon.201-217-242-146.cpanel.site\/index.php?rest_route=\/wp\/v2\/pages\/166\/revisions\/3068"}],"wp:attachment":[{"href":"https:\/\/kind-indigo-pigeon.201-217-242-146.cpanel.site\/index.php?rest_route=%2Fwp%2Fv2%2Fmedia&parent=166"}],"curies":[{"name":"wp","href":"https:\/\/api.w.org\/{rel}","templated":true}]}}